{"id":286,"date":"2012-08-09T12:50:16","date_gmt":"2012-08-09T10:50:16","guid":{"rendered":"http:\/\/incredible-journey.com\/w-inc\/?page_id=286"},"modified":"2022-01-23T11:57:22","modified_gmt":"2022-01-23T10:57:22","slug":"kontakt-osslinker","status":"publish","type":"page","link":"https:\/\/www.incredible-journey.com\/?page_id=286","title":{"rendered":"Kontakt oss"},"content":{"rendered":"<h1 style=\"text-align: center;\"><strong><span style=\"text-align: center; color: #993300;\">&#8211; Kontakt oss &#8211;<br><\/span><\/strong><\/h1>\n<hr>\n<div>\n<blockquote>\n<p style=\"text-align: center;\"><span style=\"text-align: center; color: #000000;\"><br>Sted: Slyngveien 30,<br>3074 Sande i Vestfold<\/span><\/p>\n<p style=\"text-align: center;\"><span style=\"text-align: center; color: #000000;\"> Mobil: <span style=\"color: #993300;\">+47 970 66 827<br><span style=\"color: #000000;\">Mail:<\/span> Incjou@gmail.com<\/span><\/span><\/p>\n<h4 style=\"text-align: center;\"><span style=\"text-align: center; color: #000000;\">Om det gjelder kontakt ang valper<\/span><strong><span style=\"text-align: center; color: #000000;\"><span style=\"color: #800000;\"><span style=\"color: #000000;\"> &#8211;<\/span> <a style=\"color: #800000;\" href=\"http:\/\/incredible-journey.com\/w-inc\/?page_id=10\">trykk og les her f\u00f8rst<\/a>.<\/span><\/span><\/strong><\/h4>\n<p>&nbsp;<\/p>\n<p style=\"text-align: center;\"><span style=\"color: #800000;\">(Kontaktskjema for potensielle valpekj\u00f8pere, kommer her n\u00e5r vi har et planlagt kull)<\/span><\/p>\n<p><img loading=\"lazy\" decoding=\"async\" class=\"aligncenter size-full wp-image-1455\" src=\"http:\/\/incredible-journey.com\/w-inc\/wp-content\/uploads\/2012\/08\/IMG_0725.jpg\" alt=\"\" width=\"357\" height=\"478\" srcset=\"https:\/\/www.incredible-journey.com\/wp-content\/uploads\/2012\/08\/IMG_0725.jpg 357w, https:\/\/www.incredible-journey.com\/wp-content\/uploads\/2012\/08\/IMG_0725-224x300.jpg 224w\" sizes=\"auto, (max-width: 357px) 100vw, 357px\" \/><\/p>\n<p style=\"text-align: center;\">&nbsp;<\/p>\n<\/blockquote>\n<\/div>\n\n\n<p><\/p>\n","protected":false},"excerpt":{"rendered":"<p>&#8211; Kontakt oss &#8211; Sted: Slyngveien 30,3074 Sande i Vestfold Mobil: +47 970 66 827Mail: Incjou@gmail.com Om det gjelder kontakt ang valper &#8211; trykk og les her f\u00f8rst. &nbsp; (Kontaktskjema for potensielle valpekj\u00f8pere, kommer her n\u00e5r vi har et planlagt kull) &nbsp;<\/p>\n","protected":false},"author":1,"featured_media":0,"parent":0,"menu_order":8,"comment_status":"closed","ping_status":"closed","template":"","meta":{"ngg_post_thumbnail":0,"footnotes":""},"class_list":["post-286","page","type-page","status-publish","hentry"],"_links":{"self":[{"href":"https:\/\/www.incredible-journey.com\/index.php?rest_route=\/wp\/v2\/pages\/286","targetHints":{"allow":["GET"]}}],"collection":[{"href":"https:\/\/www.incredible-journey.com\/index.php?rest_route=\/wp\/v2\/pages"}],"about":[{"href":"https:\/\/www.incredible-journey.com\/index.php?rest_route=\/wp\/v2\/types\/page"}],"author":[{"embeddable":true,"href":"https:\/\/www.incredible-journey.com\/index.php?rest_route=\/wp\/v2\/users\/1"}],"replies":[{"embeddable":true,"href":"https:\/\/www.incredible-journey.com\/index.php?rest_route=%2Fwp%2Fv2%2Fcomments&post=286"}],"version-history":[{"count":74,"href":"https:\/\/www.incredible-journey.com\/index.php?rest_route=\/wp\/v2\/pages\/286\/revisions"}],"predecessor-version":[{"id":4590,"href":"https:\/\/www.incredible-journey.com\/index.php?rest_route=\/wp\/v2\/pages\/286\/revisions\/4590"}],"wp:attachment":[{"href":"https:\/\/www.incredible-journey.com\/index.php?rest_route=%2Fwp%2Fv2%2Fmedia&parent=286"}],"curies":[{"name":"wp","href":"https:\/\/api.w.org\/{rel}","templated":true}]}}